{"id":3321,"date":"2025-07-11T11:48:28","date_gmt":"2025-07-11T09:48:28","guid":{"rendered":"https:\/\/www.welldonedrill.energy\/?page_id=3321"},"modified":"2026-02-12T14:37:32","modified_gmt":"2026-02-12T13:37:32","slug":"nos-references-au-limbourg","status":"publish","type":"page","link":"https:\/\/welldonedrill-fr.poush-dev.be\/be-fr\/realisations-geothermie-belgique\/nos-references-au-limbourg\/","title":{"rendered":"Nos r\u00e9f\u00e9rences au Limbourg"},"content":{"rendered":"<p>[et_pb_section fb_built=\u00a0\u00bb1&Prime; custom_padding_last_edited=\u00a0\u00bbon|phone\u00a0\u00bb admin_label=\u00a0\u00bbHero Section\u00a0\u00bb _builder_version=\u00a0\u00bb4.27.4&Prime; _module_preset=\u00a0\u00bbdefault\u00a0\u00bb background_color=\u00a0\u00bbgcid-primary-color\u00a0\u00bb use_background_color_gradient=\u00a0\u00bbon\u00a0\u00bb background_color_gradient_direction=\u00a0\u00bb-90deg\u00a0\u00bb background_color_gradient_stops=\u00a0\u00bbrgba(0,0,0,0) 31%|rgba(0,0,0,0.64) 100%\u00a0\u00bb background_color_gradient_overlays_image=\u00a0\u00bbon\u00a0\u00bb background_image=\u00a0\u00bbhttps:\/\/welldonedrill-fr.poush-dev.be\/wp-content\/uploads\/2025\/04\/wdd-Professionnels-hero.webp\u00a0\u00bb z_index=\u00a0\u00bb11&Prime; min_height=\u00a0\u00bb50vh\u00a0\u00bb custom_margin=\u00a0\u00bb||||false|false\u00a0\u00bb custom_padding=\u00a0\u00bb120px|6vw|120px|6vw|true|true\u00a0\u00bb custom_padding_tablet=\u00a0\u00bb180px||80px||false|true\u00a0\u00bb custom_padding_phone=\u00a0\u00bb150px||80px||false|true\u00a0\u00bb locked=\u00a0\u00bboff\u00a0\u00bb global_colors_info=\u00a0\u00bb{%22gcid-primary-color%22:%91%22background_color%22%93}\u00a0\u00bb][et_pb_row make_equal=\u00a0\u00bbon\u00a0\u00bb _builder_version=\u00a0\u00bb4.27.4&Prime; _module_preset=\u00a0\u00bbdefault\u00a0\u00bb global_colors_info=\u00a0\u00bb{}\u00a0\u00bb][et_pb_column type=\u00a0\u00bb4_4&Prime; _builder_version=\u00a0\u00bb4.18.0&Prime; _module_preset=\u00a0\u00bbdefault\u00a0\u00bb global_colors_info=\u00a0\u00bb{}\u00a0\u00bb][et_pb_text admin_label=\u00a0\u00bbText\u00a0\u00bb _builder_version=\u00a0\u00bb4.27.4&Prime; _module_preset=\u00a0\u00bb5298e62e-f7ac-4dd9-b361-006fc4da68de\u00a0\u00bb background_size=\u00a0\u00bbinitial\u00a0\u00bb background_position=\u00a0\u00bbtop_left\u00a0\u00bb background_repeat=\u00a0\u00bbrepeat\u00a0\u00bb background_layout=\u00a0\u00bbdark\u00a0\u00bb max_width=\u00a0\u00bb650px\u00a0\u00bb custom_margin=\u00a0\u00bb||0px||false|false\u00a0\u00bb hover_enabled=\u00a0\u00bb0&Prime; global_colors_info=\u00a0\u00bb{}\u00a0\u00bb sticky_enabled=\u00a0\u00bb0&Prime;]<\/p>\n<h1>Nos r\u00e9f\u00e9rences au Limbourg<\/h1>\n<p>[\/et_pb_text][et_pb_image src=\u00a0\u00bbhttps:\/\/welldonedrill-fr.poush-dev.be\/wp-content\/uploads\/2025\/04\/wdd-A_propos-hero-deco.svg\u00a0\u00bb title_text=\u00a0\u00bbwdd-A_propos-hero-deco\u00a0\u00bb align=\u00a0\u00bbright\u00a0\u00bb _builder_version=\u00a0\u00bb4.27.4&Prime; _module_preset=\u00a0\u00bbdefault\u00a0\u00bb positioning=\u00a0\u00bbabsolute\u00a0\u00bb position_origin_a=\u00a0\u00bbtop_right\u00a0\u00bb vertical_offset=\u00a0\u00bb37px\u00a0\u00bb horizontal_offset=\u00a0\u00bb-20%\u00a0\u00bb height=\u00a0\u00bb50vh\u00a0\u00bb global_colors_info=\u00a0\u00bb{}\u00a0\u00bb][\/et_pb_image][\/et_pb_column][\/et_pb_row][\/et_pb_section][et_pb_section fb_built=\u00a0\u00bb1&Prime; _builder_version=\u00a0\u00bb4.27.4&Prime; _module_preset=\u00a0\u00bbdefault\u00a0\u00bb background_color=\u00a0\u00bbgcid-939ec961-e35a-49a0-8fe6-b17c10e8d88d\u00a0\u00bb locked=\u00a0\u00bboff\u00a0\u00bb global_colors_info=\u00a0\u00bb{%22gcid-939ec961-e35a-49a0-8fe6-b17c10e8d88d%22:%91%22background_color%22%93}\u00a0\u00bb][et_pb_row _builder_version=\u00a0\u00bb4.27.4&Prime; _module_preset=\u00a0\u00bbdefault\u00a0\u00bb z_index=\u00a0\u00bb200&Prime; global_colors_info=\u00a0\u00bb{}\u00a0\u00bb][et_pb_column type=\u00a0\u00bb4_4&Prime; _builder_version=\u00a0\u00bb4.19.4&Prime; _module_preset=\u00a0\u00bbdefault\u00a0\u00bb global_colors_info=\u00a0\u00bb{}\u00a0\u00bb][et_pb_text admin_label=\u00a0\u00bbText\u00a0\u00bb module_class=\u00a0\u00bbh2-size\u00a0\u00bb _builder_version=\u00a0\u00bb4.27.4&Prime; _module_preset=\u00a0\u00bb5298e62e-f7ac-4dd9-b361-006fc4da68de\u00a0\u00bb background_size=\u00a0\u00bbinitial\u00a0\u00bb background_position=\u00a0\u00bbtop_left\u00a0\u00bb background_repeat=\u00a0\u00bbrepeat\u00a0\u00bb max_width=\u00a0\u00bb690px\u00a0\u00bb custom_margin=\u00a0\u00bb||30px||false|false\u00a0\u00bb global_colors_info=\u00a0\u00bb{}\u00a0\u00bb]<\/p>\n<h1>D\u00e9couvrez nos r\u00e9f\u00e9rences<\/h1>\n<p>[\/et_pb_text][brbl_post_grid post_type=\u00a0\u00bbproject\u00a0\u00bb order_by=\u00a0\u00bbID\u00a0\u00bb image_height=\u00a0\u00bb300px\u00a0\u00bb column_count_tablet=\u00a0\u00bb2&Prime; column_count_phone=\u00a0\u00bb1&Prime; column_count_last_edited=\u00a0\u00bbon|phone\u00a0\u00bb disabled_on=\u00a0\u00bbon|on|on\u00a0\u00bb _builder_version=\u00a0\u00bb4.27.4&Prime; _module_preset=\u00a0\u00bbdefault\u00a0\u00bb disabled=\u00a0\u00bbon\u00a0\u00bb global_colors_info=\u00a0\u00bb{}\u00a0\u00bb][\/brbl_post_grid][\/et_pb_column][\/et_pb_row][\/et_pb_section]<\/p>\n","protected":false},"excerpt":{"rendered":"<p>Nos r\u00e9f\u00e9rences au LimbourgD\u00e9couvrez nos r\u00e9f\u00e9rences <\/p>\n","protected":false},"author":1,"featured_media":0,"parent":3638,"menu_order":0,"comment_status":"closed","ping_status":"closed","template":"","meta":{"_acf_changed":false,"_et_pb_use_builder":"on","_et_pb_old_content":"","_et_gb_content_width":"","footnotes":""},"class_list":["post-3321","page","type-page","status-publish","hentry"],"acf":[],"yoast_head":"<!-- This site is optimized with the Yoast SEO plugin v27.3 - https:\/\/yoast.com\/product\/yoast-seo-wordpress\/ -->\n<title>Nos r\u00e9f\u00e9rences au Limbourg | WellDoneDrill<\/title>\n<meta name=\"robots\" content=\"noindex, follow, max-snippet:-1, max-image-preview:large, max-video-preview:-1\" \/>\n<meta property=\"og:locale\" content=\"fr_FR\" \/>\n<meta property=\"og:type\" content=\"article\" \/>\n<meta property=\"og:title\" content=\"Nos r\u00e9f\u00e9rences au Limbourg | WellDoneDrill\" \/>\n<meta property=\"og:description\" content=\"Nos r\u00e9f\u00e9rences au LimbourgD\u00e9couvrez nos r\u00e9f\u00e9rences\" \/>\n<meta property=\"og:url\" content=\"https:\/\/welldonedrill-fr.poush-dev.be\/be-fr\/realisations-geothermie-belgique\/nos-references-au-limbourg\/\" \/>\n<meta property=\"og:site_name\" content=\"WellDoneDrill\" \/>\n<meta property=\"article:modified_time\" content=\"2026-02-12T13:37:32+00:00\" \/>\n<meta property=\"og:image\" content=\"https:\/\/welldonedrill-fr.poush-dev.be\/wp-content\/uploads\/2025\/05\/MegaFactory-header-1.webp\" \/>\n\t<meta property=\"og:image:width\" content=\"2048\" \/>\n\t<meta property=\"og:image:height\" content=\"1364\" \/>\n\t<meta property=\"og:image:type\" content=\"image\/webp\" \/>\n<meta name=\"twitter:card\" content=\"summary_large_image\" \/>\n<meta name=\"twitter:label1\" content=\"Dur\u00e9e de lecture est.\" \/>\n\t<meta name=\"twitter:data1\" content=\"1 minute\" \/>\n<script type=\"application\/ld+json\" class=\"yoast-schema-graph\">{\"@context\":\"https:\\\/\\\/schema.org\",\"@graph\":[{\"@type\":\"WebPage\",\"@id\":\"https:\\\/\\\/welldonedrill-fr.poush-dev.be\\\/be-fr\\\/realisations-geothermie-belgique\\\/nos-references-au-limbourg\\\/\",\"url\":\"https:\\\/\\\/welldonedrill-fr.poush-dev.be\\\/be-fr\\\/realisations-geothermie-belgique\\\/nos-references-au-limbourg\\\/\",\"name\":\"Nos r\u00e9f\u00e9rences au Limbourg | WellDoneDrill\",\"isPartOf\":{\"@id\":\"https:\\\/\\\/welldonedrill-fr.poush-dev.be\\\/be-fr\\\/#website\"},\"datePublished\":\"2025-07-11T09:48:28+00:00\",\"dateModified\":\"2026-02-12T13:37:32+00:00\",\"breadcrumb\":{\"@id\":\"https:\\\/\\\/welldonedrill-fr.poush-dev.be\\\/be-fr\\\/realisations-geothermie-belgique\\\/nos-references-au-limbourg\\\/#breadcrumb\"},\"inLanguage\":\"fr-BE\",\"potentialAction\":[{\"@type\":\"ReadAction\",\"target\":[\"https:\\\/\\\/welldonedrill-fr.poush-dev.be\\\/be-fr\\\/realisations-geothermie-belgique\\\/nos-references-au-limbourg\\\/\"]}]},{\"@type\":\"BreadcrumbList\",\"@id\":\"https:\\\/\\\/welldonedrill-fr.poush-dev.be\\\/be-fr\\\/realisations-geothermie-belgique\\\/nos-references-au-limbourg\\\/#breadcrumb\",\"itemListElement\":[{\"@type\":\"ListItem\",\"position\":1,\"name\":\"Accueil\",\"item\":\"https:\\\/\\\/welldonedrill-fr.poush-dev.be\\\/be-fr\\\/\"},{\"@type\":\"ListItem\",\"position\":2,\"name\":\"R\u00e9f\u00e9rences (avec carte interactive)\",\"item\":\"https:\\\/\\\/welldonedrill-fr.poush-dev.be\\\/be-fr\\\/realisations-geothermie-belgique\\\/\"},{\"@type\":\"ListItem\",\"position\":3,\"name\":\"Nos r\u00e9f\u00e9rences au Limbourg\"}]},{\"@type\":\"WebSite\",\"@id\":\"https:\\\/\\\/welldonedrill-fr.poush-dev.be\\\/be-fr\\\/#website\",\"url\":\"https:\\\/\\\/welldonedrill-fr.poush-dev.be\\\/be-fr\\\/\",\"name\":\"Well done drill ! Expert en forage G\u00e9othermique\",\"description\":\"Expert en forage g\u00e9othemique\",\"publisher\":{\"@id\":\"https:\\\/\\\/welldonedrill-fr.poush-dev.be\\\/be-fr\\\/#organization\"},\"potentialAction\":[{\"@type\":\"SearchAction\",\"target\":{\"@type\":\"EntryPoint\",\"urlTemplate\":\"https:\\\/\\\/welldonedrill-fr.poush-dev.be\\\/be-fr\\\/?s={search_term_string}\"},\"query-input\":{\"@type\":\"PropertyValueSpecification\",\"valueRequired\":true,\"valueName\":\"search_term_string\"}}],\"inLanguage\":\"fr-BE\"},{\"@type\":\"Organization\",\"@id\":\"https:\\\/\\\/welldonedrill-fr.poush-dev.be\\\/be-fr\\\/#organization\",\"name\":\"Well Done Drill\",\"alternateName\":\"Expert en forage G\u00e9othermique\",\"url\":\"https:\\\/\\\/welldonedrill-fr.poush-dev.be\\\/be-fr\\\/\",\"logo\":{\"@type\":\"ImageObject\",\"inLanguage\":\"fr-BE\",\"@id\":\"https:\\\/\\\/welldonedrill-fr.poush-dev.be\\\/be-fr\\\/#\\\/schema\\\/logo\\\/image\\\/\",\"url\":\"https:\\\/\\\/welldonedrill-fr.poush-dev.be\\\/wp-content\\\/uploads\\\/2025\\\/11\\\/wdd-logo-dark.svg\",\"contentUrl\":\"https:\\\/\\\/welldonedrill-fr.poush-dev.be\\\/wp-content\\\/uploads\\\/2025\\\/11\\\/wdd-logo-dark.svg\",\"width\":1,\"height\":1,\"caption\":\"Well Done Drill\"},\"image\":{\"@id\":\"https:\\\/\\\/welldonedrill-fr.poush-dev.be\\\/be-fr\\\/#\\\/schema\\\/logo\\\/image\\\/\"}}]}<\/script>\n<!-- \/ Yoast SEO plugin. -->","yoast_head_json":{"title":"Nos r\u00e9f\u00e9rences au Limbourg | WellDoneDrill","robots":{"index":"noindex","follow":"follow","max-snippet":"max-snippet:-1","max-image-preview":"max-image-preview:large","max-video-preview":"max-video-preview:-1"},"og_locale":"fr_FR","og_type":"article","og_title":"Nos r\u00e9f\u00e9rences au Limbourg | WellDoneDrill","og_description":"Nos r\u00e9f\u00e9rences au LimbourgD\u00e9couvrez nos r\u00e9f\u00e9rences","og_url":"https:\/\/welldonedrill-fr.poush-dev.be\/be-fr\/realisations-geothermie-belgique\/nos-references-au-limbourg\/","og_site_name":"WellDoneDrill","article_modified_time":"2026-02-12T13:37:32+00:00","og_image":[{"width":2048,"height":1364,"url":"https:\/\/welldonedrill-fr.poush-dev.be\/wp-content\/uploads\/2025\/05\/MegaFactory-header-1.webp","type":"image\/webp"}],"twitter_card":"summary_large_image","twitter_misc":{"Dur\u00e9e de lecture est.":"1 minute"},"schema":{"@context":"https:\/\/schema.org","@graph":[{"@type":"WebPage","@id":"https:\/\/welldonedrill-fr.poush-dev.be\/be-fr\/realisations-geothermie-belgique\/nos-references-au-limbourg\/","url":"https:\/\/welldonedrill-fr.poush-dev.be\/be-fr\/realisations-geothermie-belgique\/nos-references-au-limbourg\/","name":"Nos r\u00e9f\u00e9rences au Limbourg | WellDoneDrill","isPartOf":{"@id":"https:\/\/welldonedrill-fr.poush-dev.be\/be-fr\/#website"},"datePublished":"2025-07-11T09:48:28+00:00","dateModified":"2026-02-12T13:37:32+00:00","breadcrumb":{"@id":"https:\/\/welldonedrill-fr.poush-dev.be\/be-fr\/realisations-geothermie-belgique\/nos-references-au-limbourg\/#breadcrumb"},"inLanguage":"fr-BE","potentialAction":[{"@type":"ReadAction","target":["https:\/\/welldonedrill-fr.poush-dev.be\/be-fr\/realisations-geothermie-belgique\/nos-references-au-limbourg\/"]}]},{"@type":"BreadcrumbList","@id":"https:\/\/welldonedrill-fr.poush-dev.be\/be-fr\/realisations-geothermie-belgique\/nos-references-au-limbourg\/#breadcrumb","itemListElement":[{"@type":"ListItem","position":1,"name":"Accueil","item":"https:\/\/welldonedrill-fr.poush-dev.be\/be-fr\/"},{"@type":"ListItem","position":2,"name":"R\u00e9f\u00e9rences (avec carte interactive)","item":"https:\/\/welldonedrill-fr.poush-dev.be\/be-fr\/realisations-geothermie-belgique\/"},{"@type":"ListItem","position":3,"name":"Nos r\u00e9f\u00e9rences au Limbourg"}]},{"@type":"WebSite","@id":"https:\/\/welldonedrill-fr.poush-dev.be\/be-fr\/#website","url":"https:\/\/welldonedrill-fr.poush-dev.be\/be-fr\/","name":"Well done drill ! Expert en forage G\u00e9othermique","description":"Expert en forage g\u00e9othemique","publisher":{"@id":"https:\/\/welldonedrill-fr.poush-dev.be\/be-fr\/#organization"},"potentialAction":[{"@type":"SearchAction","target":{"@type":"EntryPoint","urlTemplate":"https:\/\/welldonedrill-fr.poush-dev.be\/be-fr\/?s={search_term_string}"},"query-input":{"@type":"PropertyValueSpecification","valueRequired":true,"valueName":"search_term_string"}}],"inLanguage":"fr-BE"},{"@type":"Organization","@id":"https:\/\/welldonedrill-fr.poush-dev.be\/be-fr\/#organization","name":"Well Done Drill","alternateName":"Expert en forage G\u00e9othermique","url":"https:\/\/welldonedrill-fr.poush-dev.be\/be-fr\/","logo":{"@type":"ImageObject","inLanguage":"fr-BE","@id":"https:\/\/welldonedrill-fr.poush-dev.be\/be-fr\/#\/schema\/logo\/image\/","url":"https:\/\/welldonedrill-fr.poush-dev.be\/wp-content\/uploads\/2025\/11\/wdd-logo-dark.svg","contentUrl":"https:\/\/welldonedrill-fr.poush-dev.be\/wp-content\/uploads\/2025\/11\/wdd-logo-dark.svg","width":1,"height":1,"caption":"Well Done Drill"},"image":{"@id":"https:\/\/welldonedrill-fr.poush-dev.be\/be-fr\/#\/schema\/logo\/image\/"}}]}},"_links":{"self":[{"href":"https:\/\/welldonedrill-fr.poush-dev.be\/be-fr\/wp-json\/wp\/v2\/pages\/3321","targetHints":{"allow":["GET"]}}],"collection":[{"href":"https:\/\/welldonedrill-fr.poush-dev.be\/be-fr\/wp-json\/wp\/v2\/pages"}],"about":[{"href":"https:\/\/welldonedrill-fr.poush-dev.be\/be-fr\/wp-json\/wp\/v2\/types\/page"}],"author":[{"embeddable":true,"href":"https:\/\/welldonedrill-fr.poush-dev.be\/be-fr\/wp-json\/wp\/v2\/users\/1"}],"replies":[{"embeddable":true,"href":"https:\/\/welldonedrill-fr.poush-dev.be\/be-fr\/wp-json\/wp\/v2\/comments?post=3321"}],"version-history":[{"count":2,"href":"https:\/\/welldonedrill-fr.poush-dev.be\/be-fr\/wp-json\/wp\/v2\/pages\/3321\/revisions"}],"predecessor-version":[{"id":3323,"href":"https:\/\/welldonedrill-fr.poush-dev.be\/be-fr\/wp-json\/wp\/v2\/pages\/3321\/revisions\/3323"}],"up":[{"embeddable":true,"href":"https:\/\/welldonedrill-fr.poush-dev.be\/be-fr\/wp-json\/wp\/v2\/pages\/3638"}],"wp:attachment":[{"href":"https:\/\/welldonedrill-fr.poush-dev.be\/be-fr\/wp-json\/wp\/v2\/media?parent=3321"}],"curies":[{"name":"wp","href":"https:\/\/api.w.org\/{rel}","templated":true}]}}