{"id":3298,"date":"2025-07-11T11:38:25","date_gmt":"2025-07-11T09:38:25","guid":{"rendered":"https:\/\/www.welldonedrill.energy\/?page_id=3298"},"modified":"2026-02-12T14:37:32","modified_gmt":"2026-02-12T13:37:32","slug":"nos-references-au-hainaut","status":"publish","type":"page","link":"https:\/\/welldonedrill-fr.poush-dev.be\/be-fr\/realisations-geothermie-belgique\/nos-references-au-hainaut\/","title":{"rendered":"Nos r\u00e9f\u00e9rences au Hainaut"},"content":{"rendered":"<p>[et_pb_section fb_built=\u00a0\u00bb1&Prime; custom_padding_last_edited=\u00a0\u00bbon|phone\u00a0\u00bb admin_label=\u00a0\u00bbHero Section\u00a0\u00bb _builder_version=\u00a0\u00bb4.27.4&Prime; _module_preset=\u00a0\u00bbdefault\u00a0\u00bb background_color=\u00a0\u00bbgcid-primary-color\u00a0\u00bb use_background_color_gradient=\u00a0\u00bbon\u00a0\u00bb background_color_gradient_direction=\u00a0\u00bb-90deg\u00a0\u00bb background_color_gradient_stops=\u00a0\u00bbrgba(0,0,0,0) 31%|rgba(0,0,0,0.64) 100%\u00a0\u00bb background_color_gradient_overlays_image=\u00a0\u00bbon\u00a0\u00bb background_image=\u00a0\u00bbhttps:\/\/welldonedrill-fr.poush-dev.be\/wp-content\/uploads\/2025\/04\/wdd-Professionnels-hero.webp\u00a0\u00bb z_index=\u00a0\u00bb11&Prime; min_height=\u00a0\u00bb50vh\u00a0\u00bb custom_margin=\u00a0\u00bb||||false|false\u00a0\u00bb custom_padding=\u00a0\u00bb120px|6vw|120px|6vw|true|true\u00a0\u00bb custom_padding_tablet=\u00a0\u00bb180px||80px||false|true\u00a0\u00bb custom_padding_phone=\u00a0\u00bb150px||80px||false|true\u00a0\u00bb locked=\u00a0\u00bboff\u00a0\u00bb global_colors_info=\u00a0\u00bb{%22gcid-primary-color%22:%91%22background_color%22%93}\u00a0\u00bb][et_pb_row make_equal=\u00a0\u00bbon\u00a0\u00bb _builder_version=\u00a0\u00bb4.27.4&Prime; _module_preset=\u00a0\u00bbdefault\u00a0\u00bb global_colors_info=\u00a0\u00bb{}\u00a0\u00bb][et_pb_column type=\u00a0\u00bb4_4&Prime; _builder_version=\u00a0\u00bb4.18.0&Prime; _module_preset=\u00a0\u00bbdefault\u00a0\u00bb global_colors_info=\u00a0\u00bb{}\u00a0\u00bb][et_pb_text admin_label=\u00a0\u00bbText\u00a0\u00bb _builder_version=\u00a0\u00bb4.27.4&Prime; _module_preset=\u00a0\u00bb5298e62e-f7ac-4dd9-b361-006fc4da68de\u00a0\u00bb background_size=\u00a0\u00bbinitial\u00a0\u00bb background_position=\u00a0\u00bbtop_left\u00a0\u00bb background_repeat=\u00a0\u00bbrepeat\u00a0\u00bb background_layout=\u00a0\u00bbdark\u00a0\u00bb max_width=\u00a0\u00bb650px\u00a0\u00bb custom_margin=\u00a0\u00bb||0px||false|false\u00a0\u00bb global_colors_info=\u00a0\u00bb{}\u00a0\u00bb]<\/p>\n<h1>Nos r\u00e9f\u00e9rences en g\u00e9othermie dans le Hainaut<\/h1>\n<p>[\/et_pb_text][et_pb_image src=\u00a0\u00bbhttps:\/\/welldonedrill-fr.poush-dev.be\/wp-content\/uploads\/2025\/04\/wdd-A_propos-hero-deco.svg\u00a0\u00bb title_text=\u00a0\u00bbwdd-A_propos-hero-deco\u00a0\u00bb align=\u00a0\u00bbright\u00a0\u00bb _builder_version=\u00a0\u00bb4.27.4&Prime; _module_preset=\u00a0\u00bbdefault\u00a0\u00bb positioning=\u00a0\u00bbabsolute\u00a0\u00bb position_origin_a=\u00a0\u00bbtop_right\u00a0\u00bb vertical_offset=\u00a0\u00bb37px\u00a0\u00bb horizontal_offset=\u00a0\u00bb-20%\u00a0\u00bb height=\u00a0\u00bb50vh\u00a0\u00bb global_colors_info=\u00a0\u00bb{}\u00a0\u00bb][\/et_pb_image][\/et_pb_column][\/et_pb_row][\/et_pb_section][et_pb_section fb_built=\u00a0\u00bb1&Prime; _builder_version=\u00a0\u00bb4.27.4&Prime; _module_preset=\u00a0\u00bbdefault\u00a0\u00bb background_color=\u00a0\u00bbgcid-939ec961-e35a-49a0-8fe6-b17c10e8d88d\u00a0\u00bb locked=\u00a0\u00bboff\u00a0\u00bb global_colors_info=\u00a0\u00bb{%22gcid-939ec961-e35a-49a0-8fe6-b17c10e8d88d%22:%91%22background_color%22%93}\u00a0\u00bb][et_pb_row _builder_version=\u00a0\u00bb4.27.4&Prime; _module_preset=\u00a0\u00bbdefault\u00a0\u00bb z_index=\u00a0\u00bb200&Prime; global_colors_info=\u00a0\u00bb{}\u00a0\u00bb][et_pb_column type=\u00a0\u00bb4_4&Prime; _builder_version=\u00a0\u00bb4.19.4&Prime; _module_preset=\u00a0\u00bbdefault\u00a0\u00bb global_colors_info=\u00a0\u00bb{}\u00a0\u00bb][et_pb_text admin_label=\u00a0\u00bbText\u00a0\u00bb module_class=\u00a0\u00bbh2-size\u00a0\u00bb _builder_version=\u00a0\u00bb4.27.4&Prime; _module_preset=\u00a0\u00bb5298e62e-f7ac-4dd9-b361-006fc4da68de\u00a0\u00bb background_size=\u00a0\u00bbinitial\u00a0\u00bb background_position=\u00a0\u00bbtop_left\u00a0\u00bb background_repeat=\u00a0\u00bbrepeat\u00a0\u00bb max_width=\u00a0\u00bb690px\u00a0\u00bb custom_margin=\u00a0\u00bb||30px||false|false\u00a0\u00bb global_colors_info=\u00a0\u00bb{}\u00a0\u00bb]<\/p>\n<h1>D\u00e9couvrez nos r\u00e9f\u00e9rences en g\u00e9othermie<\/h1>\n<p>[\/et_pb_text][brbl_post_grid post_type=\u00a0\u00bbproject\u00a0\u00bb order_by=\u00a0\u00bbID\u00a0\u00bb include_posts=\u00a0\u00bb2906&Prime; image_height=\u00a0\u00bb300px\u00a0\u00bb column_count_tablet=\u00a0\u00bb2&Prime; column_count_phone=\u00a0\u00bb1&Prime; column_count_last_edited=\u00a0\u00bbon|phone\u00a0\u00bb disabled_on=\u00a0\u00bboff|off|off\u00a0\u00bb _builder_version=\u00a0\u00bb4.27.4&Prime; _module_preset=\u00a0\u00bbdefault\u00a0\u00bb global_colors_info=\u00a0\u00bb{}\u00a0\u00bb][\/brbl_post_grid][\/et_pb_column][\/et_pb_row][\/et_pb_section]<\/p>\n","protected":false},"excerpt":{"rendered":"<p>Nos r\u00e9f\u00e9rences en g\u00e9othermie dans le HainautD\u00e9couvrez nos r\u00e9f\u00e9rences en g\u00e9othermie<div class=\"et_pb_module brbl_post_grid brbl_post_grid_0\">\n\t\t\t\t\n\t\t\t\t\n\t\t\t\t\n\t\t\t\t\n\t\t\t\t\n\t\t\t\t\n\t\t\t\t<div class=\"et_pb_module_inner\">\n\t\t\t\t\t<div class=\"brbl-module brbl-post-grid equal-height-on brbl-ajax-pagi \" data-options=\"{&quot;layout&quot;:&quot;layout2&quot;,&quot;blog_order&quot;:0,&quot;pagination_type&quot;:&quot;numbers&quot;,&quot;loadmore_type&quot;:&quot;scroll&quot;}\" data-pagination=\"{&quot;include_categories&quot;:&quot;&quot;,&quot;img_masking_shape&quot;:&quot;none&quot;,&quot;post_count&quot;:&quot;15&quot;,&quot;post_type&quot;:&quot;project&quot;,&quot;order_by&quot;:&quot;ID&quot;,&quot;order&quot;:&quot;ASC&quot;,&quot;layout&quot;:&quot;layout2&quot;,&quot;show_categories&quot;:&quot;off&quot;,&quot;show_thumb&quot;:&quot;on&quot;,&quot;show_author&quot;:&quot;off&quot;,&quot;show_date&quot;:&quot;on&quot;,&quot;show_title&quot;:&quot;on&quot;,&quot;show_excerpt&quot;:&quot;on&quot;,&quot;thumb_size&quot;:&quot;full&quot;,&quot;date_format&quot;:&quot;j F Y&quot;,&quot;content_length&quot;:&quot;150&quot;,&quot;offset_number&quot;:&quot;0&quot;,&quot;show_btn&quot;:&quot;on&quot;,&quot;exclude_posts&quot;:&quot;&quot;,&quot;include_posts&quot;:&quot;2906&quot;,&quot;show_first_category&quot;:&quot;off&quot;,&quot;thumb_width&quot;:&quot;100&quot;,&quot;thumb_height&quot;:&quot;100&quot;,&quot;button_icon&quot;:&quot;5&quot;,&quot;button_text&quot;:&quot;Lire plus&quot;,&quot;overlay_icon&quot;:&quot;&quot;,&quot;title_tag&quot;:&quot;h4&quot;}\">\r\n                <div id=\"brbl-blog-wrapper\" class=\"brbl-blog brbl-blog-scroll-0\"><div class=\"brbl-blog-item  brbl-blog-item-layout2-0\">\r\n        <article class=\"brbl-post-card brbl-post-card-2\">\r\n\t\t\t<figure class=\"brbl-post-thumb\">\r\n\t\t\t\t<a href=\"https:\/\/welldonedrill-fr.poush-dev.be\/be-fr\/project\/megafactorydaerospacelabmisesurlageothemri-charleroi\/\">\r\n\t\t\t\t\t<div class=\"brbl-overlay\" data-icon=\"\"><\/div>\r\n\t\t\t\t\t<img width=\"2048\" height=\"1364\" src=\"https:\/\/welldonedrill-fr.poush-dev.be\/wp-content\/uploads\/2025\/05\/MegaFactory-header-1.webp\" class=\"attachment-full size-full wp-post-image\" alt=\"Expert en forage g\u00e9othermie en Belgique\" decoding=\"async\" loading=\"lazy\" srcset=\"https:\/\/welldonedrill-fr.poush-dev.be\/wp-content\/uploads\/2025\/05\/MegaFactory-header-1.webp 2048w, https:\/\/welldonedrill-fr.poush-dev.be\/wp-content\/uploads\/2025\/05\/MegaFactory-header-1-1280x853.webp 1280w, https:\/\/welldonedrill-fr.poush-dev.be\/wp-content\/uploads\/2025\/05\/MegaFactory-header-1-980x653.webp 980w, https:\/\/welldonedrill-fr.poush-dev.be\/wp-content\/uploads\/2025\/05\/MegaFactory-header-1-480x320.webp 480w\" sizes=\"(min-width: 0px) and (max-width: 480px) 480px, (min-width: 481px) and (max-width: 980px) 980px, (min-width: 981px) and (max-width: 1280px) 1280px, (min-width: 1281px) 2048px, 100vw\" \/>\r\n\t\t\t\t\t\r\n\t\t\t\t<\/a>\r\n\t\t\t\t\r\n\t\t\t<\/figure>\r\n            <div class=\"brbl-blog-content\">\r\n                <h4 class=\"brbl-post-title\">\r\n                <a href=\"https:\/\/welldonedrill-fr.poush-dev.be\/be-fr\/project\/megafactorydaerospacelabmisesurlageothemri-charleroi\/\">La Megafactory d&rsquo;Aerospacelab mise sur la g\u00e9othermie<\/a>\r\n            <\/h4>\r\n                <div class=\"brbl-blog-meta\">\r\n                    \r\n                    <div class=\"brbl-post-date\">\r\n            <svg enable-background=\"new 0 0 443.294 443.294\" viewBox=\"0 0 443.29 443.29\" xmlns=\"http:\/\/www.w3.org\/2000\/svg\"><path d=\"m221.65 0c-122.21 0-221.65 99.433-221.65 221.65s99.433 221.65 221.65 221.65 221.65-99.433 221.65-221.65-99.433-221.65-221.65-221.65zm0 415.59c-106.94 0-193.94-87-193.94-193.94s87-193.94 193.94-193.94 193.94 87 193.94 193.94-87 193.94-193.94 193.94z\"\/><path d=\"m235.5 83.118h-27.706v144.26l87.176 87.176 19.589-19.589-79.059-79.059z\"\/>\r\n    <\/svg>\r\n            22 mai 2025\r\n        <\/div>\r\n                <\/div>\r\n                <div class=\"brbl-post-excerpt\">\u00c0 Charleroi, le projet Megafactory marque une \u00e9tape importante dans le d\u00e9veloppement industriel wallon. Port\u00e9 par Aerospacelab, ce site de...<\/div>\r\n                <div class=\"brbl-post-btn-wrap brbl-flex-base\">\r\n                <a href=\"https:\/\/welldonedrill-fr.poush-dev.be\/be-fr\/project\/megafactorydaerospacelabmisesurlageothemri-charleroi\/\" target=\"_self\" class=\"et_pb_button brbl-post-btn\" data-icon=\"5\">\r\n                    Lire plus\r\n                <\/a>\r\n            <\/div>\r\n            <\/div>\r\n        <\/article>\r\n    <\/div><\/div><nav class=\"brbl-pagination\" role=\"navigation\" aria-label=\"Pagination\"><\/nav>\r\n            <\/div>\n\t\t\t\t<\/div>\n\t\t\t<\/div><\/p>\n","protected":false},"author":1,"featured_media":0,"parent":3638,"menu_order":0,"comment_status":"closed","ping_status":"closed","template":"","meta":{"_acf_changed":false,"_et_pb_use_builder":"on","_et_pb_old_content":"","_et_gb_content_width":"","footnotes":""},"class_list":["post-3298","page","type-page","status-publish","hentry"],"acf":[],"yoast_head":"<!-- This site is optimized with the Yoast SEO plugin v27.3 - https:\/\/yoast.com\/product\/yoast-seo-wordpress\/ -->\n<title>Nos r\u00e9f\u00e9rences en g\u00e9othermie dans le Hainaut, Belgique % %<\/title>\n<meta name=\"description\" content=\"D\u00e9couvrez nos r\u00e9alisations en g\u00e9othermie dans le Hainaut. WellDoneDrill, expert en forage g\u00e9othermique en Belgique : projets de r\u00e9f\u00e9rence \u00e0 Charleroi et dans toute la province.\" \/>\n<meta name=\"robots\" content=\"noindex, follow, max-snippet:-1, max-image-preview:large, max-video-preview:-1\" \/>\n<meta property=\"og:locale\" content=\"fr_FR\" \/>\n<meta property=\"og:type\" content=\"article\" \/>\n<meta property=\"og:title\" content=\"Nos r\u00e9f\u00e9rences en g\u00e9othermie dans le Hainaut, Belgique % %\" \/>\n<meta property=\"og:description\" content=\"D\u00e9couvrez nos r\u00e9alisations en g\u00e9othermie dans le Hainaut. WellDoneDrill, expert en forage g\u00e9othermique en Belgique : projets de r\u00e9f\u00e9rence \u00e0 Charleroi et dans toute la province.\" \/>\n<meta property=\"og:url\" content=\"https:\/\/welldonedrill-fr.poush-dev.be\/be-fr\/realisations-geothermie-belgique\/nos-references-au-hainaut\/\" \/>\n<meta property=\"og:site_name\" content=\"WellDoneDrill\" \/>\n<meta property=\"article:modified_time\" content=\"2026-02-12T13:37:32+00:00\" \/>\n<meta property=\"og:image\" content=\"https:\/\/welldonedrill-fr.poush-dev.be\/wp-content\/uploads\/2025\/05\/MegaFactory-header-1.webp\" \/>\n\t<meta property=\"og:image:width\" content=\"2048\" \/>\n\t<meta property=\"og:image:height\" content=\"1364\" \/>\n\t<meta property=\"og:image:type\" content=\"image\/webp\" \/>\n<meta name=\"twitter:card\" content=\"summary_large_image\" \/>\n<meta name=\"twitter:label1\" content=\"Dur\u00e9e de lecture est.\" \/>\n\t<meta name=\"twitter:data1\" content=\"1 minute\" \/>\n<script type=\"application\/ld+json\" class=\"yoast-schema-graph\">{\"@context\":\"https:\\\/\\\/schema.org\",\"@graph\":[{\"@type\":\"WebPage\",\"@id\":\"https:\\\/\\\/welldonedrill-fr.poush-dev.be\\\/be-fr\\\/realisations-geothermie-belgique\\\/nos-references-au-hainaut\\\/\",\"url\":\"https:\\\/\\\/welldonedrill-fr.poush-dev.be\\\/be-fr\\\/realisations-geothermie-belgique\\\/nos-references-au-hainaut\\\/\",\"name\":\"Nos r\u00e9f\u00e9rences en g\u00e9othermie dans le Hainaut, Belgique % %\",\"isPartOf\":{\"@id\":\"https:\\\/\\\/welldonedrill-fr.poush-dev.be\\\/be-fr\\\/#website\"},\"datePublished\":\"2025-07-11T09:38:25+00:00\",\"dateModified\":\"2026-02-12T13:37:32+00:00\",\"description\":\"D\u00e9couvrez nos r\u00e9alisations en g\u00e9othermie dans le Hainaut. WellDoneDrill, expert en forage g\u00e9othermique en Belgique : projets de r\u00e9f\u00e9rence \u00e0 Charleroi et dans toute la province.\",\"breadcrumb\":{\"@id\":\"https:\\\/\\\/welldonedrill-fr.poush-dev.be\\\/be-fr\\\/realisations-geothermie-belgique\\\/nos-references-au-hainaut\\\/#breadcrumb\"},\"inLanguage\":\"fr-BE\",\"potentialAction\":[{\"@type\":\"ReadAction\",\"target\":[\"https:\\\/\\\/welldonedrill-fr.poush-dev.be\\\/be-fr\\\/realisations-geothermie-belgique\\\/nos-references-au-hainaut\\\/\"]}]},{\"@type\":\"BreadcrumbList\",\"@id\":\"https:\\\/\\\/welldonedrill-fr.poush-dev.be\\\/be-fr\\\/realisations-geothermie-belgique\\\/nos-references-au-hainaut\\\/#breadcrumb\",\"itemListElement\":[{\"@type\":\"ListItem\",\"position\":1,\"name\":\"Accueil\",\"item\":\"https:\\\/\\\/welldonedrill-fr.poush-dev.be\\\/be-fr\\\/\"},{\"@type\":\"ListItem\",\"position\":2,\"name\":\"R\u00e9f\u00e9rences (avec carte interactive)\",\"item\":\"https:\\\/\\\/welldonedrill-fr.poush-dev.be\\\/be-fr\\\/realisations-geothermie-belgique\\\/\"},{\"@type\":\"ListItem\",\"position\":3,\"name\":\"Nos r\u00e9f\u00e9rences au Hainaut\"}]},{\"@type\":\"WebSite\",\"@id\":\"https:\\\/\\\/welldonedrill-fr.poush-dev.be\\\/be-fr\\\/#website\",\"url\":\"https:\\\/\\\/welldonedrill-fr.poush-dev.be\\\/be-fr\\\/\",\"name\":\"Well done drill ! Expert en forage G\u00e9othermique\",\"description\":\"Expert en forage g\u00e9othemique\",\"publisher\":{\"@id\":\"https:\\\/\\\/welldonedrill-fr.poush-dev.be\\\/be-fr\\\/#organization\"},\"potentialAction\":[{\"@type\":\"SearchAction\",\"target\":{\"@type\":\"EntryPoint\",\"urlTemplate\":\"https:\\\/\\\/welldonedrill-fr.poush-dev.be\\\/be-fr\\\/?s={search_term_string}\"},\"query-input\":{\"@type\":\"PropertyValueSpecification\",\"valueRequired\":true,\"valueName\":\"search_term_string\"}}],\"inLanguage\":\"fr-BE\"},{\"@type\":\"Organization\",\"@id\":\"https:\\\/\\\/welldonedrill-fr.poush-dev.be\\\/be-fr\\\/#organization\",\"name\":\"Well Done Drill\",\"alternateName\":\"Expert en forage G\u00e9othermique\",\"url\":\"https:\\\/\\\/welldonedrill-fr.poush-dev.be\\\/be-fr\\\/\",\"logo\":{\"@type\":\"ImageObject\",\"inLanguage\":\"fr-BE\",\"@id\":\"https:\\\/\\\/welldonedrill-fr.poush-dev.be\\\/be-fr\\\/#\\\/schema\\\/logo\\\/image\\\/\",\"url\":\"https:\\\/\\\/welldonedrill-fr.poush-dev.be\\\/wp-content\\\/uploads\\\/2025\\\/11\\\/wdd-logo-dark.svg\",\"contentUrl\":\"https:\\\/\\\/welldonedrill-fr.poush-dev.be\\\/wp-content\\\/uploads\\\/2025\\\/11\\\/wdd-logo-dark.svg\",\"width\":1,\"height\":1,\"caption\":\"Well Done Drill\"},\"image\":{\"@id\":\"https:\\\/\\\/welldonedrill-fr.poush-dev.be\\\/be-fr\\\/#\\\/schema\\\/logo\\\/image\\\/\"}}]}<\/script>\n<!-- \/ Yoast SEO plugin. -->","yoast_head_json":{"title":"Nos r\u00e9f\u00e9rences en g\u00e9othermie dans le Hainaut, Belgique % %","description":"D\u00e9couvrez nos r\u00e9alisations en g\u00e9othermie dans le Hainaut. WellDoneDrill, expert en forage g\u00e9othermique en Belgique : projets de r\u00e9f\u00e9rence \u00e0 Charleroi et dans toute la province.","robots":{"index":"noindex","follow":"follow","max-snippet":"max-snippet:-1","max-image-preview":"max-image-preview:large","max-video-preview":"max-video-preview:-1"},"og_locale":"fr_FR","og_type":"article","og_title":"Nos r\u00e9f\u00e9rences en g\u00e9othermie dans le Hainaut, Belgique % %","og_description":"D\u00e9couvrez nos r\u00e9alisations en g\u00e9othermie dans le Hainaut. WellDoneDrill, expert en forage g\u00e9othermique en Belgique : projets de r\u00e9f\u00e9rence \u00e0 Charleroi et dans toute la province.","og_url":"https:\/\/welldonedrill-fr.poush-dev.be\/be-fr\/realisations-geothermie-belgique\/nos-references-au-hainaut\/","og_site_name":"WellDoneDrill","article_modified_time":"2026-02-12T13:37:32+00:00","og_image":[{"width":2048,"height":1364,"url":"https:\/\/welldonedrill-fr.poush-dev.be\/wp-content\/uploads\/2025\/05\/MegaFactory-header-1.webp","type":"image\/webp"}],"twitter_card":"summary_large_image","twitter_misc":{"Dur\u00e9e de lecture est.":"1 minute"},"schema":{"@context":"https:\/\/schema.org","@graph":[{"@type":"WebPage","@id":"https:\/\/welldonedrill-fr.poush-dev.be\/be-fr\/realisations-geothermie-belgique\/nos-references-au-hainaut\/","url":"https:\/\/welldonedrill-fr.poush-dev.be\/be-fr\/realisations-geothermie-belgique\/nos-references-au-hainaut\/","name":"Nos r\u00e9f\u00e9rences en g\u00e9othermie dans le Hainaut, Belgique % %","isPartOf":{"@id":"https:\/\/welldonedrill-fr.poush-dev.be\/be-fr\/#website"},"datePublished":"2025-07-11T09:38:25+00:00","dateModified":"2026-02-12T13:37:32+00:00","description":"D\u00e9couvrez nos r\u00e9alisations en g\u00e9othermie dans le Hainaut. WellDoneDrill, expert en forage g\u00e9othermique en Belgique : projets de r\u00e9f\u00e9rence \u00e0 Charleroi et dans toute la province.","breadcrumb":{"@id":"https:\/\/welldonedrill-fr.poush-dev.be\/be-fr\/realisations-geothermie-belgique\/nos-references-au-hainaut\/#breadcrumb"},"inLanguage":"fr-BE","potentialAction":[{"@type":"ReadAction","target":["https:\/\/welldonedrill-fr.poush-dev.be\/be-fr\/realisations-geothermie-belgique\/nos-references-au-hainaut\/"]}]},{"@type":"BreadcrumbList","@id":"https:\/\/welldonedrill-fr.poush-dev.be\/be-fr\/realisations-geothermie-belgique\/nos-references-au-hainaut\/#breadcrumb","itemListElement":[{"@type":"ListItem","position":1,"name":"Accueil","item":"https:\/\/welldonedrill-fr.poush-dev.be\/be-fr\/"},{"@type":"ListItem","position":2,"name":"R\u00e9f\u00e9rences (avec carte interactive)","item":"https:\/\/welldonedrill-fr.poush-dev.be\/be-fr\/realisations-geothermie-belgique\/"},{"@type":"ListItem","position":3,"name":"Nos r\u00e9f\u00e9rences au Hainaut"}]},{"@type":"WebSite","@id":"https:\/\/welldonedrill-fr.poush-dev.be\/be-fr\/#website","url":"https:\/\/welldonedrill-fr.poush-dev.be\/be-fr\/","name":"Well done drill ! Expert en forage G\u00e9othermique","description":"Expert en forage g\u00e9othemique","publisher":{"@id":"https:\/\/welldonedrill-fr.poush-dev.be\/be-fr\/#organization"},"potentialAction":[{"@type":"SearchAction","target":{"@type":"EntryPoint","urlTemplate":"https:\/\/welldonedrill-fr.poush-dev.be\/be-fr\/?s={search_term_string}"},"query-input":{"@type":"PropertyValueSpecification","valueRequired":true,"valueName":"search_term_string"}}],"inLanguage":"fr-BE"},{"@type":"Organization","@id":"https:\/\/welldonedrill-fr.poush-dev.be\/be-fr\/#organization","name":"Well Done Drill","alternateName":"Expert en forage G\u00e9othermique","url":"https:\/\/welldonedrill-fr.poush-dev.be\/be-fr\/","logo":{"@type":"ImageObject","inLanguage":"fr-BE","@id":"https:\/\/welldonedrill-fr.poush-dev.be\/be-fr\/#\/schema\/logo\/image\/","url":"https:\/\/welldonedrill-fr.poush-dev.be\/wp-content\/uploads\/2025\/11\/wdd-logo-dark.svg","contentUrl":"https:\/\/welldonedrill-fr.poush-dev.be\/wp-content\/uploads\/2025\/11\/wdd-logo-dark.svg","width":1,"height":1,"caption":"Well Done Drill"},"image":{"@id":"https:\/\/welldonedrill-fr.poush-dev.be\/be-fr\/#\/schema\/logo\/image\/"}}]}},"_links":{"self":[{"href":"https:\/\/welldonedrill-fr.poush-dev.be\/be-fr\/wp-json\/wp\/v2\/pages\/3298","targetHints":{"allow":["GET"]}}],"collection":[{"href":"https:\/\/welldonedrill-fr.poush-dev.be\/be-fr\/wp-json\/wp\/v2\/pages"}],"about":[{"href":"https:\/\/welldonedrill-fr.poush-dev.be\/be-fr\/wp-json\/wp\/v2\/types\/page"}],"author":[{"embeddable":true,"href":"https:\/\/welldonedrill-fr.poush-dev.be\/be-fr\/wp-json\/wp\/v2\/users\/1"}],"replies":[{"embeddable":true,"href":"https:\/\/welldonedrill-fr.poush-dev.be\/be-fr\/wp-json\/wp\/v2\/comments?post=3298"}],"version-history":[{"count":4,"href":"https:\/\/welldonedrill-fr.poush-dev.be\/be-fr\/wp-json\/wp\/v2\/pages\/3298\/revisions"}],"predecessor-version":[{"id":4076,"href":"https:\/\/welldonedrill-fr.poush-dev.be\/be-fr\/wp-json\/wp\/v2\/pages\/3298\/revisions\/4076"}],"up":[{"embeddable":true,"href":"https:\/\/welldonedrill-fr.poush-dev.be\/be-fr\/wp-json\/wp\/v2\/pages\/3638"}],"wp:attachment":[{"href":"https:\/\/welldonedrill-fr.poush-dev.be\/be-fr\/wp-json\/wp\/v2\/media?parent=3298"}],"curies":[{"name":"wp","href":"https:\/\/api.w.org\/{rel}","templated":true}]}}