{"id":2856,"date":"2022-08-19T14:10:33","date_gmt":"2022-08-19T12:10:33","guid":{"rendered":"https:\/\/www.welldonedrill.energy\/mentions-legales\/"},"modified":"2025-07-09T12:21:45","modified_gmt":"2025-07-09T10:21:45","slug":"mentions-legales","status":"publish","type":"page","link":"https:\/\/welldonedrill-fr.poush-dev.be\/be-fr\/mentions-legales\/","title":{"rendered":"Mentions l\u00e9gales"},"content":{"rendered":"<p>[et_pb_section fb_built=\u00a0\u00bb1&Prime; admin_label=\u00a0\u00bbsection\u00a0\u00bb _builder_version=\u00a0\u00bb4.16&Prime; global_colors_info=\u00a0\u00bb{}\u00a0\u00bb][et_pb_row admin_label=\u00a0\u00bbrow\u00a0\u00bb _builder_version=\u00a0\u00bb4.16&Prime; background_size=\u00a0\u00bbinitial\u00a0\u00bb background_position=\u00a0\u00bbtop_left\u00a0\u00bb background_repeat=\u00a0\u00bbrepeat\u00a0\u00bb global_colors_info=\u00a0\u00bb{}\u00a0\u00bb][et_pb_column type=\u00a0\u00bb4_4&Prime; _builder_version=\u00a0\u00bb4.16&Prime; custom_padding=\u00a0\u00bb|||\u00a0\u00bb global_colors_info=\u00a0\u00bb{}\u00a0\u00bb custom_padding__hover=\u00a0\u00bb|||\u00a0\u00bb][et_pb_text admin_label=\u00a0\u00bbText\u00a0\u00bb _builder_version=\u00a0\u00bb4.27.4&Prime; background_size=\u00a0\u00bbinitial\u00a0\u00bb background_position=\u00a0\u00bbtop_left\u00a0\u00bb background_repeat=\u00a0\u00bbrepeat\u00a0\u00bb hover_enabled=\u00a0\u00bb0&Prime; global_colors_info=\u00a0\u00bb{}\u00a0\u00bb sticky_enabled=\u00a0\u00bb0&Prime;]<\/p>\n<h1>Mentions l\u00e9gales<\/h1>\n<h2><\/h2>\n<h2>Qui sommes-nous ?<\/h2>\n<p>&nbsp;<\/p>\n<p>Well Done Drill<\/p>\n<p>Well Done Drill est une entreprise sp\u00e9cialis\u00e9e dans le forage g\u00e9othermique en Belgique. Nous proposons des solutions \u00e9cologiques pour le chauffage et la climatisation par g\u00e9othermie, qu&rsquo;il s&rsquo;agisse de syst\u00e8mes \u00e0 circuit ferm\u00e9 ou ouvert. Nos services incluent l\u2019\u00e9tude, le forage, l\u2019installation et l\u2019entretien des \u00e9quipements g\u00e9othermiques.<\/p>\n<p><strong>\u00a0<\/strong><\/p>\n<p><strong>Mission<\/strong><\/p>\n<p>La mission de Well Done Drill est de fournir des solutions de forage g\u00e9othermique durables et performantes en Belgique. Nous accompagnons particuliers et professionnels dans la transition \u00e9nerg\u00e9tique en proposant des alternatives \u00e9cologiques pour le chauffage et la climatisation. Notre engagement repose sur la qualit\u00e9, l\u2019innovation et le respect de l\u2019environnement.<\/p>\n<p>&nbsp;<\/p>\n<p><strong>Contact<\/strong><\/p>\n<p>Well Done Drill<\/p>\n<p>Rue de Libut, 5310 \u00c9ghez\u00e9e<\/p>\n<p>&nbsp;<\/p>\n<p>0478 75 36 79<\/p>\n<p>info@welldonedrill.energy<\/p>\n<p>BE0801727368<\/p>\n<p>&nbsp;<\/p>\n<p>Well Done Drill s\u2019engage \u00e0 respecter la l\u00e9gislation en vigueur en Belgique et en Europe et met tout en \u0153uvre afin d\u2019emp\u00eacher tout usage non autoris\u00e9 ou illicite de vos donn\u00e9es personnelles. \u00c0 cette fin, nous utilisons des proc\u00e9dures et des syst\u00e8mes appropri\u00e9s pour que seules les personnes qui y sont autoris\u00e9es puissent acc\u00e9der \u00e0 vos informations. En outre, nous vous rappelons que ces personnes sont tenues \u00e0 un devoir de confidentialit\u00e9 dans le cadre de leur fonction.<\/p>\n<p>[\/et_pb_text][\/et_pb_column][\/et_pb_row][\/et_pb_section]<\/p>\n","protected":false},"excerpt":{"rendered":"<p>Mentions l\u00e9gales Qui sommes-nous ? &nbsp; Well Done Drill Well Done Drill est une entreprise sp\u00e9cialis\u00e9e dans le forage g\u00e9othermique en Belgique. Nous proposons des solutions \u00e9cologiques pour le chauffage et la climatisation par g\u00e9othermie, qu&rsquo;il s&rsquo;agisse de syst\u00e8mes \u00e0 circuit ferm\u00e9 ou ouvert. Nos services incluent l\u2019\u00e9tude, le forage, l\u2019installation et l\u2019entretien des \u00e9quipements g\u00e9othermiques. \u00a0 Mission La mission de Well Done Drill est de fournir des solutions de forage g\u00e9othermique durables et performantes en Belgique. Nous accompagnons particuliers et professionnels dans la transition \u00e9nerg\u00e9tique en proposant des alternatives \u00e9cologiques pour le chauffage et la climatisation. Notre engagement repose sur la qualit\u00e9, l\u2019innovation et le respect de l\u2019environnement. &nbsp; Contact Well Done Drill Rue de Libut, 5310 \u00c9ghez\u00e9e &nbsp; 0478 75 36 79 info@welldonedrill.energy BE0801727368 &nbsp; Well Done Drill s\u2019engage \u00e0 respecter la l\u00e9gislation en vigueur en Belgique et en Europe et met tout en \u0153uvre afin d\u2019emp\u00eacher tout usage non autoris\u00e9 ou illicite de vos donn\u00e9es personnelles. \u00c0 cette fin, nous utilisons des proc\u00e9dures et des syst\u00e8mes appropri\u00e9s pour que seules les personnes qui y sont autoris\u00e9es puissent acc\u00e9der \u00e0 vos informations. En outre, nous vous rappelons que ces personnes sont tenues \u00e0 un devoir de confidentialit\u00e9 dans [&hellip;]<\/p>\n","protected":false},"author":1,"featured_media":0,"parent":0,"menu_order":1000,"comment_status":"closed","ping_status":"closed","template":"","meta":{"_acf_changed":false,"_et_pb_use_builder":"on","_et_pb_old_content":"<h1>Mentions l\u00e9gales<\/h1>\r\n<h2><\/h2>\r\n<h2>Qui sommes-nous ?<\/h2>\r\n&nbsp;\r\n\r\nWell Done Drill\r\n\r\nWell Done Drill est une entreprise sp\u00e9cialis\u00e9e dans le forage g\u00e9othermique en Belgique. Nous proposons des solutions \u00e9cologiques pour le chauffage et la climatisation par g\u00e9othermie, qu'il s'agisse de syst\u00e8mes \u00e0 circuit ferm\u00e9 ou ouvert. Nos services incluent l\u2019\u00e9tude, le forage, l\u2019installation et l\u2019entretien des \u00e9quipements g\u00e9othermiques.\r\n\r\n<strong>\u00a0<\/strong>\r\n\r\n<strong>Mission<\/strong>\r\n\r\nLa mission de Well Done Drill est de fournir des solutions de forage g\u00e9othermique durables et performantes en Belgique. Nous accompagnons particuliers et professionnels dans la transition \u00e9nerg\u00e9tique en proposant des alternatives \u00e9cologiques pour le chauffage et la climatisation. Notre engagement repose sur la qualit\u00e9, l\u2019innovation et le respect de l\u2019environnement.\r\n\r\n&nbsp;\r\n\r\n<strong>Contact<\/strong>\r\n\r\nWell Done Drill\r\n\r\nRue de Libut, 5310 \u00c9ghez\u00e9e\r\n\r\n&nbsp;\r\n\r\n0478 75 36 79\r\n\r\ninfo@welldonedrill.energy\r\n\r\n[NUMERO D\u2019ENTREPRISE]\r\n\r\n&nbsp;\r\n\r\nWell Done Drill s\u2019engage \u00e0 respecter la l\u00e9gislation en vigueur en Belgique et en Europe et met tout en \u0153uvre afin d\u2019emp\u00eacher tout usage non autoris\u00e9 ou illicite de vos donn\u00e9es personnelles. \u00c0 cette fin, nous utilisons des proc\u00e9dures et des syst\u00e8mes appropri\u00e9s pour que seules les personnes qui y sont autoris\u00e9es puissent acc\u00e9der \u00e0 vos informations. En outre, nous vous rappelons que ces personnes sont tenues \u00e0 un devoir de confidentialit\u00e9 dans le cadre de leur fonction.","_et_gb_content_width":"","footnotes":""},"class_list":["post-2856","page","type-page","status-publish","hentry"],"acf":[],"yoast_head":"<!-- This site is optimized with the Yoast SEO plugin v27.3 - https:\/\/yoast.com\/product\/yoast-seo-wordpress\/ -->\n<title>Mentions l\u00e9gales | WellDoneDrill<\/title>\n<meta name=\"robots\" content=\"noindex, follow, max-snippet:-1, max-image-preview:large, max-video-preview:-1\" \/>\n<meta property=\"og:locale\" content=\"fr_FR\" \/>\n<meta property=\"og:type\" content=\"article\" \/>\n<meta property=\"og:title\" content=\"Mentions l\u00e9gales | WellDoneDrill\" \/>\n<meta property=\"og:description\" content=\"Mentions l\u00e9gales Qui sommes-nous ? &nbsp; Well Done Drill Well Done Drill est une entreprise sp\u00e9cialis\u00e9e dans le forage g\u00e9othermique en Belgique. Nous proposons des solutions \u00e9cologiques pour le chauffage et la climatisation par g\u00e9othermie, qu&#039;il s&#039;agisse de syst\u00e8mes \u00e0 circuit ferm\u00e9 ou ouvert. Nos services incluent l\u2019\u00e9tude, le forage, l\u2019installation et l\u2019entretien des \u00e9quipements g\u00e9othermiques. \u00a0 Mission La mission de Well Done Drill est de fournir des solutions de forage g\u00e9othermique durables et performantes en Belgique. Nous accompagnons particuliers et professionnels dans la transition \u00e9nerg\u00e9tique en proposant des alternatives \u00e9cologiques pour le chauffage et la climatisation. Notre engagement repose sur la qualit\u00e9, l\u2019innovation et le respect de l\u2019environnement. &nbsp; Contact Well Done Drill Rue de Libut, 5310 \u00c9ghez\u00e9e &nbsp; 0478 75 36 79 info@welldonedrill.energy BE0801727368 &nbsp; Well Done Drill s\u2019engage \u00e0 respecter la l\u00e9gislation en vigueur en Belgique et en Europe et met tout en \u0153uvre afin d\u2019emp\u00eacher tout usage non autoris\u00e9 ou illicite de vos donn\u00e9es personnelles. \u00c0 cette fin, nous utilisons des proc\u00e9dures et des syst\u00e8mes appropri\u00e9s pour que seules les personnes qui y sont autoris\u00e9es puissent acc\u00e9der \u00e0 vos informations. En outre, nous vous rappelons que ces personnes sont tenues \u00e0 un devoir de confidentialit\u00e9 dans [&hellip;]\" \/>\n<meta property=\"og:url\" content=\"https:\/\/welldonedrill-fr.poush-dev.be\/be-fr\/mentions-legales\/\" \/>\n<meta property=\"og:site_name\" content=\"WellDoneDrill\" \/>\n<meta property=\"article:modified_time\" content=\"2025-07-09T10:21:45+00:00\" \/>\n<meta property=\"og:image\" content=\"https:\/\/welldonedrill-fr.poush-dev.be\/wp-content\/uploads\/2025\/05\/MegaFactory-header-1.webp\" \/>\n\t<meta property=\"og:image:width\" content=\"2048\" \/>\n\t<meta property=\"og:image:height\" content=\"1364\" \/>\n\t<meta property=\"og:image:type\" content=\"image\/webp\" \/>\n<meta name=\"twitter:card\" content=\"summary_large_image\" \/>\n<meta name=\"twitter:label1\" content=\"Dur\u00e9e de lecture est.\" \/>\n\t<meta name=\"twitter:data1\" content=\"2 minutes\" \/>\n<script type=\"application\/ld+json\" class=\"yoast-schema-graph\">{\"@context\":\"https:\\\/\\\/schema.org\",\"@graph\":[{\"@type\":\"WebPage\",\"@id\":\"https:\\\/\\\/welldonedrill-fr.poush-dev.be\\\/be-fr\\\/mentions-legales\\\/\",\"url\":\"https:\\\/\\\/welldonedrill-fr.poush-dev.be\\\/be-fr\\\/mentions-legales\\\/\",\"name\":\"Mentions l\u00e9gales | WellDoneDrill\",\"isPartOf\":{\"@id\":\"https:\\\/\\\/welldonedrill-fr.poush-dev.be\\\/be-fr\\\/#website\"},\"datePublished\":\"2022-08-19T12:10:33+00:00\",\"dateModified\":\"2025-07-09T10:21:45+00:00\",\"breadcrumb\":{\"@id\":\"https:\\\/\\\/welldonedrill-fr.poush-dev.be\\\/be-fr\\\/mentions-legales\\\/#breadcrumb\"},\"inLanguage\":\"fr-BE\",\"potentialAction\":[{\"@type\":\"ReadAction\",\"target\":[\"https:\\\/\\\/welldonedrill-fr.poush-dev.be\\\/be-fr\\\/mentions-legales\\\/\"]}]},{\"@type\":\"BreadcrumbList\",\"@id\":\"https:\\\/\\\/welldonedrill-fr.poush-dev.be\\\/be-fr\\\/mentions-legales\\\/#breadcrumb\",\"itemListElement\":[{\"@type\":\"ListItem\",\"position\":1,\"name\":\"Accueil\",\"item\":\"https:\\\/\\\/welldonedrill-fr.poush-dev.be\\\/be-fr\\\/\"},{\"@type\":\"ListItem\",\"position\":2,\"name\":\"Mentions l\u00e9gales\"}]},{\"@type\":\"WebSite\",\"@id\":\"https:\\\/\\\/welldonedrill-fr.poush-dev.be\\\/be-fr\\\/#website\",\"url\":\"https:\\\/\\\/welldonedrill-fr.poush-dev.be\\\/be-fr\\\/\",\"name\":\"Well done drill ! Expert en forage G\u00e9othermique\",\"description\":\"Expert en forage g\u00e9othemique\",\"publisher\":{\"@id\":\"https:\\\/\\\/welldonedrill-fr.poush-dev.be\\\/be-fr\\\/#organization\"},\"potentialAction\":[{\"@type\":\"SearchAction\",\"target\":{\"@type\":\"EntryPoint\",\"urlTemplate\":\"https:\\\/\\\/welldonedrill-fr.poush-dev.be\\\/be-fr\\\/?s={search_term_string}\"},\"query-input\":{\"@type\":\"PropertyValueSpecification\",\"valueRequired\":true,\"valueName\":\"search_term_string\"}}],\"inLanguage\":\"fr-BE\"},{\"@type\":\"Organization\",\"@id\":\"https:\\\/\\\/welldonedrill-fr.poush-dev.be\\\/be-fr\\\/#organization\",\"name\":\"Well Done Drill\",\"alternateName\":\"Expert en forage G\u00e9othermique\",\"url\":\"https:\\\/\\\/welldonedrill-fr.poush-dev.be\\\/be-fr\\\/\",\"logo\":{\"@type\":\"ImageObject\",\"inLanguage\":\"fr-BE\",\"@id\":\"https:\\\/\\\/welldonedrill-fr.poush-dev.be\\\/be-fr\\\/#\\\/schema\\\/logo\\\/image\\\/\",\"url\":\"https:\\\/\\\/welldonedrill-fr.poush-dev.be\\\/wp-content\\\/uploads\\\/2025\\\/11\\\/wdd-logo-dark.svg\",\"contentUrl\":\"https:\\\/\\\/welldonedrill-fr.poush-dev.be\\\/wp-content\\\/uploads\\\/2025\\\/11\\\/wdd-logo-dark.svg\",\"width\":1,\"height\":1,\"caption\":\"Well Done Drill\"},\"image\":{\"@id\":\"https:\\\/\\\/welldonedrill-fr.poush-dev.be\\\/be-fr\\\/#\\\/schema\\\/logo\\\/image\\\/\"}}]}<\/script>\n<!-- \/ Yoast SEO plugin. -->","yoast_head_json":{"title":"Mentions l\u00e9gales | WellDoneDrill","robots":{"index":"noindex","follow":"follow","max-snippet":"max-snippet:-1","max-image-preview":"max-image-preview:large","max-video-preview":"max-video-preview:-1"},"og_locale":"fr_FR","og_type":"article","og_title":"Mentions l\u00e9gales | WellDoneDrill","og_description":"Mentions l\u00e9gales Qui sommes-nous ? &nbsp; Well Done Drill Well Done Drill est une entreprise sp\u00e9cialis\u00e9e dans le forage g\u00e9othermique en Belgique. Nous proposons des solutions \u00e9cologiques pour le chauffage et la climatisation par g\u00e9othermie, qu'il s'agisse de syst\u00e8mes \u00e0 circuit ferm\u00e9 ou ouvert. Nos services incluent l\u2019\u00e9tude, le forage, l\u2019installation et l\u2019entretien des \u00e9quipements g\u00e9othermiques. \u00a0 Mission La mission de Well Done Drill est de fournir des solutions de forage g\u00e9othermique durables et performantes en Belgique. Nous accompagnons particuliers et professionnels dans la transition \u00e9nerg\u00e9tique en proposant des alternatives \u00e9cologiques pour le chauffage et la climatisation. Notre engagement repose sur la qualit\u00e9, l\u2019innovation et le respect de l\u2019environnement. &nbsp; Contact Well Done Drill Rue de Libut, 5310 \u00c9ghez\u00e9e &nbsp; 0478 75 36 79 info@welldonedrill.energy BE0801727368 &nbsp; Well Done Drill s\u2019engage \u00e0 respecter la l\u00e9gislation en vigueur en Belgique et en Europe et met tout en \u0153uvre afin d\u2019emp\u00eacher tout usage non autoris\u00e9 ou illicite de vos donn\u00e9es personnelles. \u00c0 cette fin, nous utilisons des proc\u00e9dures et des syst\u00e8mes appropri\u00e9s pour que seules les personnes qui y sont autoris\u00e9es puissent acc\u00e9der \u00e0 vos informations. En outre, nous vous rappelons que ces personnes sont tenues \u00e0 un devoir de confidentialit\u00e9 dans [&hellip;]","og_url":"https:\/\/welldonedrill-fr.poush-dev.be\/be-fr\/mentions-legales\/","og_site_name":"WellDoneDrill","article_modified_time":"2025-07-09T10:21:45+00:00","og_image":[{"width":2048,"height":1364,"url":"https:\/\/welldonedrill-fr.poush-dev.be\/wp-content\/uploads\/2025\/05\/MegaFactory-header-1.webp","type":"image\/webp"}],"twitter_card":"summary_large_image","twitter_misc":{"Dur\u00e9e de lecture est.":"2 minutes"},"schema":{"@context":"https:\/\/schema.org","@graph":[{"@type":"WebPage","@id":"https:\/\/welldonedrill-fr.poush-dev.be\/be-fr\/mentions-legales\/","url":"https:\/\/welldonedrill-fr.poush-dev.be\/be-fr\/mentions-legales\/","name":"Mentions l\u00e9gales | WellDoneDrill","isPartOf":{"@id":"https:\/\/welldonedrill-fr.poush-dev.be\/be-fr\/#website"},"datePublished":"2022-08-19T12:10:33+00:00","dateModified":"2025-07-09T10:21:45+00:00","breadcrumb":{"@id":"https:\/\/welldonedrill-fr.poush-dev.be\/be-fr\/mentions-legales\/#breadcrumb"},"inLanguage":"fr-BE","potentialAction":[{"@type":"ReadAction","target":["https:\/\/welldonedrill-fr.poush-dev.be\/be-fr\/mentions-legales\/"]}]},{"@type":"BreadcrumbList","@id":"https:\/\/welldonedrill-fr.poush-dev.be\/be-fr\/mentions-legales\/#breadcrumb","itemListElement":[{"@type":"ListItem","position":1,"name":"Accueil","item":"https:\/\/welldonedrill-fr.poush-dev.be\/be-fr\/"},{"@type":"ListItem","position":2,"name":"Mentions l\u00e9gales"}]},{"@type":"WebSite","@id":"https:\/\/welldonedrill-fr.poush-dev.be\/be-fr\/#website","url":"https:\/\/welldonedrill-fr.poush-dev.be\/be-fr\/","name":"Well done drill ! Expert en forage G\u00e9othermique","description":"Expert en forage g\u00e9othemique","publisher":{"@id":"https:\/\/welldonedrill-fr.poush-dev.be\/be-fr\/#organization"},"potentialAction":[{"@type":"SearchAction","target":{"@type":"EntryPoint","urlTemplate":"https:\/\/welldonedrill-fr.poush-dev.be\/be-fr\/?s={search_term_string}"},"query-input":{"@type":"PropertyValueSpecification","valueRequired":true,"valueName":"search_term_string"}}],"inLanguage":"fr-BE"},{"@type":"Organization","@id":"https:\/\/welldonedrill-fr.poush-dev.be\/be-fr\/#organization","name":"Well Done Drill","alternateName":"Expert en forage G\u00e9othermique","url":"https:\/\/welldonedrill-fr.poush-dev.be\/be-fr\/","logo":{"@type":"ImageObject","inLanguage":"fr-BE","@id":"https:\/\/welldonedrill-fr.poush-dev.be\/be-fr\/#\/schema\/logo\/image\/","url":"https:\/\/welldonedrill-fr.poush-dev.be\/wp-content\/uploads\/2025\/11\/wdd-logo-dark.svg","contentUrl":"https:\/\/welldonedrill-fr.poush-dev.be\/wp-content\/uploads\/2025\/11\/wdd-logo-dark.svg","width":1,"height":1,"caption":"Well Done Drill"},"image":{"@id":"https:\/\/welldonedrill-fr.poush-dev.be\/be-fr\/#\/schema\/logo\/image\/"}}]}},"_links":{"self":[{"href":"https:\/\/welldonedrill-fr.poush-dev.be\/be-fr\/wp-json\/wp\/v2\/pages\/2856","targetHints":{"allow":["GET"]}}],"collection":[{"href":"https:\/\/welldonedrill-fr.poush-dev.be\/be-fr\/wp-json\/wp\/v2\/pages"}],"about":[{"href":"https:\/\/welldonedrill-fr.poush-dev.be\/be-fr\/wp-json\/wp\/v2\/types\/page"}],"author":[{"embeddable":true,"href":"https:\/\/welldonedrill-fr.poush-dev.be\/be-fr\/wp-json\/wp\/v2\/users\/1"}],"replies":[{"embeddable":true,"href":"https:\/\/welldonedrill-fr.poush-dev.be\/be-fr\/wp-json\/wp\/v2\/comments?post=2856"}],"version-history":[{"count":1,"href":"https:\/\/welldonedrill-fr.poush-dev.be\/be-fr\/wp-json\/wp\/v2\/pages\/2856\/revisions"}],"predecessor-version":[{"id":2967,"href":"https:\/\/welldonedrill-fr.poush-dev.be\/be-fr\/wp-json\/wp\/v2\/pages\/2856\/revisions\/2967"}],"wp:attachment":[{"href":"https:\/\/welldonedrill-fr.poush-dev.be\/be-fr\/wp-json\/wp\/v2\/media?parent=2856"}],"curies":[{"name":"wp","href":"https:\/\/api.w.org\/{rel}","templated":true}]}}