{"id":2845,"date":"2025-03-27T09:53:29","date_gmt":"2025-03-27T08:53:29","guid":{"rendered":"https:\/\/www.welldonedrill.energy\/jobs\/"},"modified":"2026-02-12T14:37:32","modified_gmt":"2026-02-12T13:37:32","slug":"jobs","status":"publish","type":"page","link":"https:\/\/welldonedrill-fr.poush-dev.be\/be-fr\/jobs\/","title":{"rendered":"Jobs"},"content":{"rendered":"<p>[et_pb_section fb_built=\u00a0\u00bb1&Prime; custom_padding_last_edited=\u00a0\u00bbon|phone\u00a0\u00bb admin_label=\u00a0\u00bbHero Section\u00a0\u00bb _builder_version=\u00a0\u00bb4.27.4&Prime; _module_preset=\u00a0\u00bbdefault\u00a0\u00bb background_color=\u00a0\u00bbgcid-primary-color\u00a0\u00bb use_background_color_gradient=\u00a0\u00bbon\u00a0\u00bb background_color_gradient_direction=\u00a0\u00bb-90deg\u00a0\u00bb background_color_gradient_stops=\u00a0\u00bbrgba(0,0,0,0) 31%|rgba(0,0,0,0.64) 100%\u00a0\u00bb background_color_gradient_overlays_image=\u00a0\u00bbon\u00a0\u00bb background_image=\u00a0\u00bbhttps:\/\/welldonedrill-fr.poush-dev.be\/wp-content\/uploads\/2025\/04\/wdd-Professionnels-hero.webp\u00a0\u00bb z_index=\u00a0\u00bb11&Prime; min_height=\u00a0\u00bb50vh\u00a0\u00bb custom_margin=\u00a0\u00bb||||false|false\u00a0\u00bb custom_padding=\u00a0\u00bb120px|6vw|120px|6vw|true|true\u00a0\u00bb custom_padding_tablet=\u00a0\u00bb180px||80px||false|true\u00a0\u00bb custom_padding_phone=\u00a0\u00bb150px||80px||false|true\u00a0\u00bb locked=\u00a0\u00bboff\u00a0\u00bb global_colors_info=\u00a0\u00bb{%22gcid-primary-color%22:%91%22background_color%22%93}\u00a0\u00bb][et_pb_row make_equal=\u00a0\u00bbon\u00a0\u00bb _builder_version=\u00a0\u00bb4.27.4&Prime; _module_preset=\u00a0\u00bbdefault\u00a0\u00bb global_colors_info=\u00a0\u00bb{}\u00a0\u00bb][et_pb_column type=\u00a0\u00bb4_4&Prime; _builder_version=\u00a0\u00bb4.18.0&Prime; _module_preset=\u00a0\u00bbdefault\u00a0\u00bb global_colors_info=\u00a0\u00bb{}\u00a0\u00bb][et_pb_text admin_label=\u00a0\u00bbText\u00a0\u00bb _builder_version=\u00a0\u00bb4.27.4&Prime; _module_preset=\u00a0\u00bb5298e62e-f7ac-4dd9-b361-006fc4da68de\u00a0\u00bb background_size=\u00a0\u00bbinitial\u00a0\u00bb background_position=\u00a0\u00bbtop_left\u00a0\u00bb background_repeat=\u00a0\u00bbrepeat\u00a0\u00bb background_layout=\u00a0\u00bbdark\u00a0\u00bb max_width=\u00a0\u00bb650px\u00a0\u00bb custom_margin=\u00a0\u00bb||0px||false|false\u00a0\u00bb global_colors_info=\u00a0\u00bb{}\u00a0\u00bb]<\/p>\n<h1>Nos offres d&#8217;emploi<\/h1>\n<p>[\/et_pb_text][et_pb_image src=\u00a0\u00bbhttps:\/\/welldonedrill-fr.poush-dev.be\/wp-content\/uploads\/2025\/04\/wdd-A_propos-hero-deco.svg\u00a0\u00bb title_text=\u00a0\u00bbwdd-A_propos-hero-deco\u00a0\u00bb align=\u00a0\u00bbright\u00a0\u00bb _builder_version=\u00a0\u00bb4.27.4&Prime; _module_preset=\u00a0\u00bbdefault\u00a0\u00bb positioning=\u00a0\u00bbabsolute\u00a0\u00bb position_origin_a=\u00a0\u00bbtop_right\u00a0\u00bb vertical_offset=\u00a0\u00bb37px\u00a0\u00bb horizontal_offset=\u00a0\u00bb-20%\u00a0\u00bb height=\u00a0\u00bb50vh\u00a0\u00bb global_colors_info=\u00a0\u00bb{}\u00a0\u00bb][\/et_pb_image][\/et_pb_column][\/et_pb_row][\/et_pb_section][et_pb_section fb_built=\u00a0\u00bb1&Prime; _builder_version=\u00a0\u00bb4.27.4&Prime; _module_preset=\u00a0\u00bbdefault\u00a0\u00bb global_colors_info=\u00a0\u00bb{}\u00a0\u00bb][et_pb_row column_structure=\u00a0\u00bb2_3,1_3&Prime; _builder_version=\u00a0\u00bb4.27.4&Prime; _module_preset=\u00a0\u00bbdefault\u00a0\u00bb z_index=\u00a0\u00bb100&Prime; custom_padding=\u00a0\u00bb||26px|||\u00a0\u00bb global_colors_info=\u00a0\u00bb{}\u00a0\u00bb][et_pb_column type=\u00a0\u00bb2_3&Prime; _builder_version=\u00a0\u00bb4.27.4&Prime; _module_preset=\u00a0\u00bbdefault\u00a0\u00bb global_colors_info=\u00a0\u00bb{}\u00a0\u00bb][brbl_post_list post_type=\u00a0\u00bbjobpost\u00a0\u00bb show_thumb=\u00a0\u00bboff\u00a0\u00bb show_icon=\u00a0\u00bboff\u00a0\u00bb show_date=\u00a0\u00bbon\u00a0\u00bb item_spacing=\u00a0\u00bb30px\u00a0\u00bb item_padding=\u00a0\u00bb30px|30px|30px|30px|true|true\u00a0\u00bb post_bg_color=\u00a0\u00bbgcid-efa058db-9764-4e6c-a0c0-1d54ffbe3b77&Prime; _builder_version=\u00a0\u00bb4.27.4&Prime; _module_preset=\u00a0\u00bbdefault\u00a0\u00bb title_text_color=\u00a0\u00bbgcid-dafb02e6-154b-4891-b4ca-7a2defec7945&Prime; meta_text_color=\u00a0\u00bbgcid-heading-color\u00a0\u00bb custom_padding=\u00a0\u00bb||||false|false\u00a0\u00bb custom_css_free_form=\u00a0\u00bb.entry-content ul {||  padding: 0px !important;||}\u00a0\u00bb global_colors_info=\u00a0\u00bb{%22gcid-efa058db-9764-4e6c-a0c0-1d54ffbe3b77%22:%91%22post_bg_color%22%93,%22gcid-heading-color%22:%91%22meta_text_color%22%93,%22gcid-dafb02e6-154b-4891-b4ca-7a2defec7945%22:%91%22title_text_color%22%93}\u00a0\u00bb][\/brbl_post_list][\/et_pb_column][et_pb_column type=\u00a0\u00bb1_3&Prime; _builder_version=\u00a0\u00bb4.27.4&Prime; _module_preset=\u00a0\u00bbdefault\u00a0\u00bb global_colors_info=\u00a0\u00bb{}\u00a0\u00bb][et_pb_image src=\u00a0\u00bbhttps:\/\/welldonedrill-fr.poush-dev.be\/wp-content\/uploads\/2025\/03\/wdd-machine-forage.webp\u00a0\u00bb title_text=\u00a0\u00bbwdd-machine-forage\u00a0\u00bb _builder_version=\u00a0\u00bb4.27.4&Prime; _module_preset=\u00a0\u00bbdefault\u00a0\u00bb global_colors_info=\u00a0\u00bb{}\u00a0\u00bb][\/et_pb_image][et_pb_text _builder_version=\u00a0\u00bb4.27.4&Prime; _module_preset=\u00a0\u00bbdefault\u00a0\u00bb global_colors_info=\u00a0\u00bb{}\u00a0\u00bb]<\/p>\n<p>WellDoneDrill d\u00e9veloppe massivement la g\u00e9othermie en Belgique pour offrir des solutions de chauffage \u00e9conomique et \u00e9cologique.<\/p>\n<p>[\/et_pb_text][dsm_icon_list icon_color=\u00a0\u00bbgcid-1ddd1686-2472-46d1-a0b7-9197c4b34f9a\u00a0\u00bb _builder_version=\u00a0\u00bb4.27.4&Prime; _module_preset=\u00a0\u00bbdefault\u00a0\u00bb text_text_color=\u00a0\u00bbgcid-1ddd1686-2472-46d1-a0b7-9197c4b34f9a\u00a0\u00bb hover_enabled=\u00a0\u00bb0&Prime; global_colors_info=\u00a0\u00bb{%22gcid-02eea4c1-992a-4bff-aee2-539b98054199%22:%91%22icon_color%22%93,%22gcid-1ddd1686-2472-46d1-a0b7-9197c4b34f9a%22:%91%22text_text_color%22,%22icon_color%22%93,%22gcid-body-color%22:%91%22text_text_color__hover%22%93}\u00a0\u00bb icon_color__hover_enabled=\u00a0\u00bboff|desktop\u00a0\u00bb text_text_color__hover_enabled=\u00a0\u00bbon|hover\u00a0\u00bb text_text_color__hover=\u00a0\u00bb#1a1a1a\u00a0\u00bb sticky_enabled=\u00a0\u00bb0&Prime;][dsm_icon_list_child text=\u00a0\u00bbContactez-nous\u00a0\u00bb font_icon=\u00a0\u00bb&#xf4ad;||fa||400&Prime; url=\u00a0\u00bb@ET-DC@eyJkeW5hbWljIjp0cnVlLCJjb250ZW50IjoicG9zdF9saW5rX3VybF9wYWdlIiwic2V0dGluZ3MiOnsicG9zdF9pZCI6IjgwIn19@\u00a0\u00bb _builder_version=\u00a0\u00bb4.27.4&Prime; _dynamic_attributes=\u00a0\u00bburl\u00a0\u00bb _module_preset=\u00a0\u00bbdefault\u00a0\u00bb global_colors_info=\u00a0\u00bb{}\u00a0\u00bb][\/dsm_icon_list_child][dsm_icon_list_child text=\u00a0\u00bbinfo@welldonedrill.energy\u00a0\u00bb font_icon=\u00a0\u00bb&#xf1d8;||fa||400&Prime; url=\u00a0\u00bbmailto:info@welldonedrill.energy\u00a0\u00bb _builder_version=\u00a0\u00bb4.27.4&Prime; _module_preset=\u00a0\u00bbdefault\u00a0\u00bb global_colors_info=\u00a0\u00bb{}\u00a0\u00bb][\/dsm_icon_list_child][dsm_icon_list_child text=\u00a0\u00bb+32 472 19 95 07&Prime; font_icon=\u00a0\u00bb&#xe00b;||divi||400&Prime; url=\u00a0\u00bbtel:+32472199507&Prime; _builder_version=\u00a0\u00bb4.27.4&Prime; _module_preset=\u00a0\u00bbdefault\u00a0\u00bb hover_enabled=\u00a0\u00bb0&Prime; global_colors_info=\u00a0\u00bb{}\u00a0\u00bb sticky_enabled=\u00a0\u00bb0&Prime;][\/dsm_icon_list_child][\/dsm_icon_list][\/et_pb_column][\/et_pb_row][\/et_pb_section]<\/p>\n","protected":false},"excerpt":{"rendered":"<p>Nos offres d&#8217;emploi<div class=\"et_pb_module brbl_post_list brbl_post_list_0\">\n\t\t\t\t\n\t\t\t\t\n\t\t\t\t\n\t\t\t\t\n\t\t\t\t\n\t\t\t\t\n\t\t\t\t<div class=\"et_pb_module_inner\">\n\t\t\t\t\t<div class=\"brbl-module brbl-post-list type-list\">\r\n                <ul class=\"brbl-post-list-parent\">\r\n                    <li class=\"brbl-post-list-child\">\r\n\t\t<a class=\"brbl-post-list-child-inner\" href=\"https:\/\/welldonedrill-fr.poush-dev.be\/be-fr\/jobpost\/business-developer-geothermie\/\">\r\n\t\t\t\r\n\t\t\t<div class=\"brbl-post-list-content\">\r\n\t\t\t\t<h3 class=\"brbl-post-list-title\">Business Developer Geothermie<\/h3>\r\n\t\t\t\t<div class=\"brbl-post-list-meta\">\r\n\t\t\t  <div class=\"brbl-post-list-date\">\r\n\t\t\tAvr 22, 2025\r\n\t\t<\/div>\r\n\t\t<\/div>\r\n\t\t\t\t<p class=\"brbl-post-list-excerpt\">Assumez les responsabilit\u00e9s assign\u00e9es, collaborez avec les membres de l&rsquo;\u00e9quipe et respectez les politiques de l&rsquo;entreprise. De solides...<\/p>\r\n\t\t\t<\/div>\r\n\t\t<\/a>\r\n\t<\/li>\r\n                <\/ul>\r\n            <\/div>\n\t\t\t\t<\/div>\n\t\t\t<\/div>WellDoneDrill d\u00e9veloppe massivement la g\u00e9othermie en Belgique pour offrir des solutions de chauffage \u00e9conomique et \u00e9cologique.<div class=\"et_pb_module dsm_icon_list dsm_icon_list_0\">\n\t\t\t\t\n\t\t\t\t\n\t\t\t\t\n\t\t\t\t\n\t\t\t\t\n\t\t\t\t\n\t\t\t\t<div class=\"et_pb_module_inner\">\n\t\t\t\t\t<ul class=\"dsm_icon_list_items dsm_icon_list_ltr_direction dsm_icon_list_layout_vertical\"><li class=\"dsm_icon_list_child dsm_icon_list_child_0\">\n\t\t\t\t\n\t\t\t\t\n\t\t\t\t\n\t\t\t\t\n\t\t\t\t<span class=\"dsm_icon_list_wrapper\"><span class=\"dsm_icon_list_icon\">\uf4ad<\/span><\/span><span class=\"dsm_icon_list_text\">Contactez-nous<\/span>\n\t\t\t<\/li><li class=\"dsm_icon_list_child dsm_icon_list_child_1\">\n\t\t\t\t\n\t\t\t\t\n\t\t\t\t\n\t\t\t\t\n\t\t\t\t<a href=\"mailto:info@welldonedrill.energy\"><span class=\"dsm_icon_list_wrapper\"><span class=\"dsm_icon_list_icon\">\uf1d8<\/span><\/span><span class=\"dsm_icon_list_text\">info@welldonedrill.energy<\/span><\/a>\n\t\t\t<\/li><li class=\"dsm_icon_list_child dsm_icon_list_child_2\">\n\t\t\t\t\n\t\t\t\t\n\t\t\t\t\n\t\t\t\t\n\t\t\t\t<a href=\"tel:+32472199507\"><span class=\"dsm_icon_list_wrapper\"><span class=\"dsm_icon_list_icon\">\ue00b<\/span><\/span><span class=\"dsm_icon_list_text\">+32 472 19 95 07<\/span><\/a>\n\t\t\t<\/li><\/ul>\n\t\t\t\t<\/div>\n\t\t\t<\/div><\/p>\n","protected":false},"author":1,"featured_media":0,"parent":0,"menu_order":30,"comment_status":"closed","ping_status":"closed","template":"","meta":{"_acf_changed":false,"_et_pb_use_builder":"on","_et_pb_old_content":"","_et_gb_content_width":"","footnotes":""},"class_list":["post-2845","page","type-page","status-publish","hentry"],"acf":[],"yoast_head":"<!-- This site is optimized with the Yoast SEO plugin v27.3 - https:\/\/yoast.com\/product\/yoast-seo-wordpress\/ -->\n<title>Jobs | WellDoneDrill<\/title>\n<meta name=\"robots\" content=\"noindex, follow, max-snippet:-1, max-image-preview:large, max-video-preview:-1\" \/>\n<meta property=\"og:locale\" content=\"fr_FR\" \/>\n<meta property=\"og:type\" content=\"article\" \/>\n<meta property=\"og:title\" content=\"Jobs | WellDoneDrill\" \/>\n<meta property=\"og:description\" content=\"Nos offres d&#039;emploiWellDoneDrill d\u00e9veloppe massivement la g\u00e9othermie en Belgique pour offrir des solutions de chauffage \u00e9conomique et \u00e9cologique.\" \/>\n<meta property=\"og:url\" content=\"https:\/\/welldonedrill-fr.poush-dev.be\/be-fr\/jobs\/\" \/>\n<meta property=\"og:site_name\" content=\"WellDoneDrill\" \/>\n<meta property=\"article:modified_time\" content=\"2026-02-12T13:37:32+00:00\" \/>\n<meta property=\"og:image\" content=\"https:\/\/welldonedrill-fr.poush-dev.be\/wp-content\/uploads\/2025\/05\/MegaFactory-header-1.webp\" \/>\n\t<meta property=\"og:image:width\" content=\"2048\" \/>\n\t<meta property=\"og:image:height\" content=\"1364\" \/>\n\t<meta property=\"og:image:type\" content=\"image\/webp\" \/>\n<meta name=\"twitter:card\" content=\"summary_large_image\" \/>\n<meta name=\"twitter:label1\" content=\"Dur\u00e9e de lecture est.\" \/>\n\t<meta name=\"twitter:data1\" content=\"1 minute\" \/>\n<script type=\"application\/ld+json\" class=\"yoast-schema-graph\">{\"@context\":\"https:\\\/\\\/schema.org\",\"@graph\":[{\"@type\":\"WebPage\",\"@id\":\"https:\\\/\\\/welldonedrill-fr.poush-dev.be\\\/be-fr\\\/jobs\\\/\",\"url\":\"https:\\\/\\\/welldonedrill-fr.poush-dev.be\\\/be-fr\\\/jobs\\\/\",\"name\":\"Jobs | WellDoneDrill\",\"isPartOf\":{\"@id\":\"https:\\\/\\\/welldonedrill-fr.poush-dev.be\\\/be-fr\\\/#website\"},\"datePublished\":\"2025-03-27T08:53:29+00:00\",\"dateModified\":\"2026-02-12T13:37:32+00:00\",\"breadcrumb\":{\"@id\":\"https:\\\/\\\/welldonedrill-fr.poush-dev.be\\\/be-fr\\\/jobs\\\/#breadcrumb\"},\"inLanguage\":\"fr-BE\",\"potentialAction\":[{\"@type\":\"ReadAction\",\"target\":[\"https:\\\/\\\/welldonedrill-fr.poush-dev.be\\\/be-fr\\\/jobs\\\/\"]}]},{\"@type\":\"BreadcrumbList\",\"@id\":\"https:\\\/\\\/welldonedrill-fr.poush-dev.be\\\/be-fr\\\/jobs\\\/#breadcrumb\",\"itemListElement\":[{\"@type\":\"ListItem\",\"position\":1,\"name\":\"Accueil\",\"item\":\"https:\\\/\\\/welldonedrill-fr.poush-dev.be\\\/be-fr\\\/\"},{\"@type\":\"ListItem\",\"position\":2,\"name\":\"Jobs\"}]},{\"@type\":\"WebSite\",\"@id\":\"https:\\\/\\\/welldonedrill-fr.poush-dev.be\\\/be-fr\\\/#website\",\"url\":\"https:\\\/\\\/welldonedrill-fr.poush-dev.be\\\/be-fr\\\/\",\"name\":\"Well done drill ! Expert en forage G\u00e9othermique\",\"description\":\"Expert en forage g\u00e9othemique\",\"publisher\":{\"@id\":\"https:\\\/\\\/welldonedrill-fr.poush-dev.be\\\/be-fr\\\/#organization\"},\"potentialAction\":[{\"@type\":\"SearchAction\",\"target\":{\"@type\":\"EntryPoint\",\"urlTemplate\":\"https:\\\/\\\/welldonedrill-fr.poush-dev.be\\\/be-fr\\\/?s={search_term_string}\"},\"query-input\":{\"@type\":\"PropertyValueSpecification\",\"valueRequired\":true,\"valueName\":\"search_term_string\"}}],\"inLanguage\":\"fr-BE\"},{\"@type\":\"Organization\",\"@id\":\"https:\\\/\\\/welldonedrill-fr.poush-dev.be\\\/be-fr\\\/#organization\",\"name\":\"Well Done Drill\",\"alternateName\":\"Expert en forage G\u00e9othermique\",\"url\":\"https:\\\/\\\/welldonedrill-fr.poush-dev.be\\\/be-fr\\\/\",\"logo\":{\"@type\":\"ImageObject\",\"inLanguage\":\"fr-BE\",\"@id\":\"https:\\\/\\\/welldonedrill-fr.poush-dev.be\\\/be-fr\\\/#\\\/schema\\\/logo\\\/image\\\/\",\"url\":\"https:\\\/\\\/welldonedrill-fr.poush-dev.be\\\/wp-content\\\/uploads\\\/2025\\\/11\\\/wdd-logo-dark.svg\",\"contentUrl\":\"https:\\\/\\\/welldonedrill-fr.poush-dev.be\\\/wp-content\\\/uploads\\\/2025\\\/11\\\/wdd-logo-dark.svg\",\"width\":1,\"height\":1,\"caption\":\"Well Done Drill\"},\"image\":{\"@id\":\"https:\\\/\\\/welldonedrill-fr.poush-dev.be\\\/be-fr\\\/#\\\/schema\\\/logo\\\/image\\\/\"}}]}<\/script>\n<!-- \/ Yoast SEO plugin. -->","yoast_head_json":{"title":"Jobs | WellDoneDrill","robots":{"index":"noindex","follow":"follow","max-snippet":"max-snippet:-1","max-image-preview":"max-image-preview:large","max-video-preview":"max-video-preview:-1"},"og_locale":"fr_FR","og_type":"article","og_title":"Jobs | WellDoneDrill","og_description":"Nos offres d'emploiWellDoneDrill d\u00e9veloppe massivement la g\u00e9othermie en Belgique pour offrir des solutions de chauffage \u00e9conomique et \u00e9cologique.","og_url":"https:\/\/welldonedrill-fr.poush-dev.be\/be-fr\/jobs\/","og_site_name":"WellDoneDrill","article_modified_time":"2026-02-12T13:37:32+00:00","og_image":[{"width":2048,"height":1364,"url":"https:\/\/welldonedrill-fr.poush-dev.be\/wp-content\/uploads\/2025\/05\/MegaFactory-header-1.webp","type":"image\/webp"}],"twitter_card":"summary_large_image","twitter_misc":{"Dur\u00e9e de lecture est.":"1 minute"},"schema":{"@context":"https:\/\/schema.org","@graph":[{"@type":"WebPage","@id":"https:\/\/welldonedrill-fr.poush-dev.be\/be-fr\/jobs\/","url":"https:\/\/welldonedrill-fr.poush-dev.be\/be-fr\/jobs\/","name":"Jobs | WellDoneDrill","isPartOf":{"@id":"https:\/\/welldonedrill-fr.poush-dev.be\/be-fr\/#website"},"datePublished":"2025-03-27T08:53:29+00:00","dateModified":"2026-02-12T13:37:32+00:00","breadcrumb":{"@id":"https:\/\/welldonedrill-fr.poush-dev.be\/be-fr\/jobs\/#breadcrumb"},"inLanguage":"fr-BE","potentialAction":[{"@type":"ReadAction","target":["https:\/\/welldonedrill-fr.poush-dev.be\/be-fr\/jobs\/"]}]},{"@type":"BreadcrumbList","@id":"https:\/\/welldonedrill-fr.poush-dev.be\/be-fr\/jobs\/#breadcrumb","itemListElement":[{"@type":"ListItem","position":1,"name":"Accueil","item":"https:\/\/welldonedrill-fr.poush-dev.be\/be-fr\/"},{"@type":"ListItem","position":2,"name":"Jobs"}]},{"@type":"WebSite","@id":"https:\/\/welldonedrill-fr.poush-dev.be\/be-fr\/#website","url":"https:\/\/welldonedrill-fr.poush-dev.be\/be-fr\/","name":"Well done drill ! Expert en forage G\u00e9othermique","description":"Expert en forage g\u00e9othemique","publisher":{"@id":"https:\/\/welldonedrill-fr.poush-dev.be\/be-fr\/#organization"},"potentialAction":[{"@type":"SearchAction","target":{"@type":"EntryPoint","urlTemplate":"https:\/\/welldonedrill-fr.poush-dev.be\/be-fr\/?s={search_term_string}"},"query-input":{"@type":"PropertyValueSpecification","valueRequired":true,"valueName":"search_term_string"}}],"inLanguage":"fr-BE"},{"@type":"Organization","@id":"https:\/\/welldonedrill-fr.poush-dev.be\/be-fr\/#organization","name":"Well Done Drill","alternateName":"Expert en forage G\u00e9othermique","url":"https:\/\/welldonedrill-fr.poush-dev.be\/be-fr\/","logo":{"@type":"ImageObject","inLanguage":"fr-BE","@id":"https:\/\/welldonedrill-fr.poush-dev.be\/be-fr\/#\/schema\/logo\/image\/","url":"https:\/\/welldonedrill-fr.poush-dev.be\/wp-content\/uploads\/2025\/11\/wdd-logo-dark.svg","contentUrl":"https:\/\/welldonedrill-fr.poush-dev.be\/wp-content\/uploads\/2025\/11\/wdd-logo-dark.svg","width":1,"height":1,"caption":"Well Done Drill"},"image":{"@id":"https:\/\/welldonedrill-fr.poush-dev.be\/be-fr\/#\/schema\/logo\/image\/"}}]}},"_links":{"self":[{"href":"https:\/\/welldonedrill-fr.poush-dev.be\/be-fr\/wp-json\/wp\/v2\/pages\/2845","targetHints":{"allow":["GET"]}}],"collection":[{"href":"https:\/\/welldonedrill-fr.poush-dev.be\/be-fr\/wp-json\/wp\/v2\/pages"}],"about":[{"href":"https:\/\/welldonedrill-fr.poush-dev.be\/be-fr\/wp-json\/wp\/v2\/types\/page"}],"author":[{"embeddable":true,"href":"https:\/\/welldonedrill-fr.poush-dev.be\/be-fr\/wp-json\/wp\/v2\/users\/1"}],"replies":[{"embeddable":true,"href":"https:\/\/welldonedrill-fr.poush-dev.be\/be-fr\/wp-json\/wp\/v2\/comments?post=2845"}],"version-history":[{"count":3,"href":"https:\/\/welldonedrill-fr.poush-dev.be\/be-fr\/wp-json\/wp\/v2\/pages\/2845\/revisions"}],"predecessor-version":[{"id":4625,"href":"https:\/\/welldonedrill-fr.poush-dev.be\/be-fr\/wp-json\/wp\/v2\/pages\/2845\/revisions\/4625"}],"wp:attachment":[{"href":"https:\/\/welldonedrill-fr.poush-dev.be\/be-fr\/wp-json\/wp\/v2\/media?parent=2845"}],"curies":[{"name":"wp","href":"https:\/\/api.w.org\/{rel}","templated":true}]}}